{"id":763,"date":"2025-10-15T23:32:27","date_gmt":"2025-10-15T21:32:27","guid":{"rendered":"https:\/\/laguagua.atoom.space\/donde-estamos\/"},"modified":"2025-12-16T13:23:36","modified_gmt":"2025-12-16T11:23:36","slug":"donde-estamos","status":"publish","type":"page","link":"https:\/\/laguagua.atoom.space\/es\/donde-estamos\/","title":{"rendered":"D\u00f3nde estamos"},"content":{"rendered":"\t\t<div data-elementor-type=\"wp-page\" data-elementor-id=\"763\" class=\"elementor elementor-763 elementor-15\" data-elementor-post-type=\"page\">\n\t\t\t\t<div class=\"elementor-element elementor-element-da3eada elementor-hidden-mobile e-flex e-con-boxed e-con e-parent\" data-id=\"da3eada\" data-element_type=\"container\" data-settings=\"{&quot;background_background&quot;:&quot;slideshow&quot;,&quot;background_slideshow_gallery&quot;:[{&quot;id&quot;:716,&quot;url&quot;:&quot;https:\\\/\\\/laguagua.atoom.space\\\/wp-content\\\/uploads\\\/2025\\\/10\\\/9.jpg&quot;},{&quot;id&quot;:741,&quot;url&quot;:&quot;https:\\\/\\\/laguagua.atoom.space\\\/wp-content\\\/uploads\\\/2025\\\/10\\\/1.jpg&quot;}],&quot;background_slideshow_transition_duration&quot;:3000,&quot;background_slideshow_loop&quot;:&quot;yes&quot;,&quot;background_slideshow_slide_duration&quot;:5000,&quot;background_slideshow_slide_transition&quot;:&quot;fade&quot;}\">\n\t\t\t\t\t<div class=\"e-con-inner\">\n\t\t\t\t<div class=\"elementor-element elementor-element-bc46536 standard-content elementor-widget elementor-widget-n-accordion\" data-id=\"bc46536\" data-element_type=\"widget\" data-settings=\"{&quot;n_accordion_animation_duration&quot;:{&quot;unit&quot;:&quot;ms&quot;,&quot;size&quot;:150,&quot;sizes&quot;:[]},&quot;default_state&quot;:&quot;expanded&quot;,&quot;max_items_expended&quot;:&quot;one&quot;}\" data-widget_type=\"nested-accordion.default\">\n\t\t\t\t\t\t\t<div class=\"e-n-accordion\" aria-label=\"Accordion. Open links with Enter or Space, close with Escape, and navigate with Arrow Keys\">\n\t\t\t\t\t\t<details id=\"e-n-accordion-item-1970\" class=\"e-n-accordion-item\" open>\n\t\t\t\t<summary class=\"e-n-accordion-item-title\" data-accordion-index=\"1\" tabindex=\"0\" aria-expanded=\"true\" aria-controls=\"e-n-accordion-item-1970\" >\n\t\t\t\t\t<span class='e-n-accordion-item-title-header'><div class=\"e-n-accordion-item-title-text\"> Local\u00edzanos f\u00e1cilmente <\/div><\/span>\n\t\t\t\t\t\t\t<span class='e-n-accordion-item-title-icon'>\n\t\t\t<span class='e-opened' ><svg xmlns=\"http:\/\/www.w3.org\/2000\/svg\" id=\"Capa_1\" viewBox=\"0 0 32 32\"><defs><style>      .st0 {        fill: #eee6db;      }      .st1 {        fill: #0f3e6b;      }    <\/style><\/defs><circle class=\"st0\" cx=\"16\" cy=\"16\" r=\"16\"><\/circle><g><path class=\"st1\" d=\"M10.8,14.1c0,0,.2,0,.3,0,2.2.8,4,2.5,4.9,4.6.9-2.1,2.7-3.8,4.9-4.6.4-.1.8,0,1,.4.1.4,0,.8-.4,1-2.8,1-4.7,3.7-4.7,6.7h-1.5c0-3-1.9-5.7-4.7-6.7-.4-.1-.6-.6-.4-1,.1-.3.4-.5.7-.5Z\"><\/path><path class=\"st1\" d=\"M16,8.9c.4,0,.8.3.8.8v12.6c0,.4-.3.8-.8.8s-.8-.3-.8-.8v-12.6c0-.4.3-.8.8-.8Z\"><\/path><\/g><\/svg><\/span>\n\t\t\t<span class='e-closed'><svg xmlns=\"http:\/\/www.w3.org\/2000\/svg\" id=\"Capa_1\" viewBox=\"0 0 32 32\"><defs><style>      .st0 {        fill: #eee6db;      }      .st1 {        fill: #0f3e6b;      }    <\/style><\/defs><circle class=\"st0\" cx=\"16\" cy=\"16\" r=\"16\"><\/circle><g><path class=\"st1\" d=\"M21.2,17.9c0,0-.2,0-.3,0-2.2-.8-4-2.5-4.9-4.6-.9,2.1-2.7,3.8-4.9,4.6-.4.1-.8,0-1-.4-.1-.4,0-.8.4-1,2.8-1,4.7-3.7,4.7-6.7h1.5c0,3,1.9,5.7,4.7,6.7.4.1.6.6.4,1-.1.3-.4.5-.7.5Z\"><\/path><path class=\"st1\" d=\"M16,23.1c-.4,0-.8-.3-.8-.8v-12.6c0-.4.3-.8.8-.8s.8.3.8.8v12.6c0,.4-.3.8-.8.8Z\"><\/path><\/g><\/svg><\/span>\n\t\t<\/span>\n\n\t\t\t\t\t\t<\/summary>\n\t\t\t\t<div role=\"region\" aria-labelledby=\"e-n-accordion-item-1970\" class=\"elementor-element elementor-element-adf5c19 e-con-full e-flex e-con e-child\" data-id=\"adf5c19\" data-element_type=\"container\" data-settings=\"{&quot;background_background&quot;:&quot;classic&quot;}\">\n\t\t\t\t<div class=\"elementor-element elementor-element-feed41d elementor-widget elementor-widget-text-editor\" data-id=\"feed41d\" data-element_type=\"widget\" data-widget_type=\"text-editor.default\">\n\t\t\t\t\t\t\t\t\t<p>La GuaGua | Avda. D\u00edaz Pacheco, s\/n | 17480, Roses | Catalu\u00f1a, Espa\u00f1a<\/p>\t\t\t\t\t\t\t\t<\/div>\n\t\t\t\t<div class=\"elementor-element elementor-element-3024e0c elementor-widget elementor-widget-google_maps\" data-id=\"3024e0c\" data-element_type=\"widget\" data-widget_type=\"google_maps.default\">\n\t\t\t\t\t\t\t<div class=\"elementor-custom-embed\">\n\t\t\t<iframe loading=\"lazy\"\n\t\t\t\t\tsrc=\"https:\/\/maps.google.com\/maps?q=Avinguda%20de%20Jos%C3%A9%20D%C3%ADaz%20Pacheco%2C%206%2C%2017480%20Roses%2C%20Girona&#038;t=m&#038;z=13&#038;output=embed&#038;iwloc=near\"\n\t\t\t\t\ttitle=\"Avinguda de Jos\u00e9 D\u00edaz Pacheco, 6, 17480 Roses, Girona\"\n\t\t\t\t\taria-label=\"Avinguda de Jos\u00e9 D\u00edaz Pacheco, 6, 17480 Roses, Girona\"\n\t\t\t><\/iframe>\n\t\t<\/div>\n\t\t\t\t\t\t<\/div>\n\t\t\t\t<\/div>\n\t\t\t\t\t<\/details>\n\t\t\t\t\t<\/div>\n\t\t\t\t\t\t<\/div>\n\t\t\t\t\t<\/div>\n\t\t\t\t<\/div>\n\t\t<div class=\"elementor-element elementor-element-984cb72 e-con-full elementor-hidden-desktop elementor-hidden-tablet e-flex e-con e-parent\" data-id=\"984cb72\" data-element_type=\"container\">\n\t\t<div class=\"elementor-element elementor-element-0d23755 e-con-full e-flex e-con e-child\" data-id=\"0d23755\" data-element_type=\"container\" data-settings=\"{&quot;background_background&quot;:&quot;slideshow&quot;,&quot;background_slideshow_gallery&quot;:[{&quot;id&quot;:102,&quot;url&quot;:&quot;https:\\\/\\\/laguagua.atoom.space\\\/wp-content\\\/uploads\\\/2025\\\/10\\\/21.jpg&quot;},{&quot;id&quot;:101,&quot;url&quot;:&quot;https:\\\/\\\/laguagua.atoom.space\\\/wp-content\\\/uploads\\\/2025\\\/10\\\/1-edited.jpg&quot;},{&quot;id&quot;:100,&quot;url&quot;:&quot;https:\\\/\\\/laguagua.atoom.space\\\/wp-content\\\/uploads\\\/2025\\\/10\\\/31-edited.jpg&quot;}],&quot;background_slideshow_loop&quot;:&quot;yes&quot;,&quot;background_slideshow_slide_duration&quot;:5000,&quot;background_slideshow_slide_transition&quot;:&quot;fade&quot;,&quot;background_slideshow_transition_duration&quot;:500}\">\n\t\t\t\t<\/div>\n\t\t<div class=\"elementor-element elementor-element-b3035c4 e-flex e-con-boxed e-con e-child\" data-id=\"b3035c4\" data-element_type=\"container\" data-settings=\"{&quot;background_background&quot;:&quot;classic&quot;}\">\n\t\t\t\t\t<div class=\"e-con-inner\">\n\t\t\t\t<div class=\"elementor-element elementor-element-bd69a40 elementor-widget elementor-widget-heading\" data-id=\"bd69a40\" data-element_type=\"widget\" data-widget_type=\"heading.default\">\n\t\t\t\t\t<h2 class=\"elementor-heading-title elementor-size-default\">Cont\u00e1ctanos f\u00e1cilmente<\/h2>\t\t\t\t<\/div>\n\t\t\t\t<div class=\"elementor-element elementor-element-bfead96 elementor-widget elementor-widget-text-editor\" data-id=\"bfead96\" data-element_type=\"widget\" data-widget_type=\"text-editor.default\">\n\t\t\t\t\t\t\t\t\t<p>La GuaGua | Avda. D\u00edaz Pacheco, s\/n | 17480, Roses | Catalu\u00f1a, Espa\u00f1a<\/p>\t\t\t\t\t\t\t\t<\/div>\n\t\t\t\t<div class=\"elementor-element elementor-element-8a84b5c elementor-widget elementor-widget-google_maps\" data-id=\"8a84b5c\" data-element_type=\"widget\" data-widget_type=\"google_maps.default\">\n\t\t\t\t\t\t\t<div class=\"elementor-custom-embed\">\n\t\t\t<iframe loading=\"lazy\"\n\t\t\t\t\tsrc=\"https:\/\/maps.google.com\/maps?q=Avinguda%20de%20Jos%C3%A9%20D%C3%ADaz%20Pacheco%2C%206%2C%2017480%20Roses%2C%20Girona&#038;t=m&#038;z=13&#038;output=embed&#038;iwloc=near\"\n\t\t\t\t\ttitle=\"Avinguda de Jos\u00e9 D\u00edaz Pacheco, 6, 17480 Roses, Girona\"\n\t\t\t\t\taria-label=\"Avinguda de Jos\u00e9 D\u00edaz Pacheco, 6, 17480 Roses, Girona\"\n\t\t\t><\/iframe>\n\t\t<\/div>\n\t\t\t\t\t\t<\/div>\n\t\t\t\t\t<\/div>\n\t\t\t\t<\/div>\n\t\t\t\t<\/div>\n\t\t\t\t<\/div>\n\t\t","protected":false},"excerpt":{"rendered":"<p>Local\u00edzanos f\u00e1cilmente La GuaGua | Avda. D\u00edaz Pacheco, s\/n | 17480, Roses | Catalu\u00f1a, Espa\u00f1a La GuaGua | Avda. D\u00edaz Pacheco, s\/n | 17480, Roses | Catalu\u00f1a, Espa\u00f1a Cont\u00e1ctanos f\u00e1cilmente La GuaGua | Avda. D\u00edaz Pacheco, s\/n | 17480, Roses | Catalu\u00f1a, Espa\u00f1a<\/p>\n","protected":false},"author":1,"featured_media":0,"parent":0,"menu_order":0,"comment_status":"closed","ping_status":"closed","template":"","meta":{"footnotes":""},"class_list":["post-763","page","type-page","status-publish","hentry"],"_links":{"self":[{"href":"https:\/\/laguagua.atoom.space\/es\/wp-json\/wp\/v2\/pages\/763","targetHints":{"allow":["GET"]}}],"collection":[{"href":"https:\/\/laguagua.atoom.space\/es\/wp-json\/wp\/v2\/pages"}],"about":[{"href":"https:\/\/laguagua.atoom.space\/es\/wp-json\/wp\/v2\/types\/page"}],"author":[{"embeddable":true,"href":"https:\/\/laguagua.atoom.space\/es\/wp-json\/wp\/v2\/users\/1"}],"replies":[{"embeddable":true,"href":"https:\/\/laguagua.atoom.space\/es\/wp-json\/wp\/v2\/comments?post=763"}],"version-history":[{"count":6,"href":"https:\/\/laguagua.atoom.space\/es\/wp-json\/wp\/v2\/pages\/763\/revisions"}],"predecessor-version":[{"id":907,"href":"https:\/\/laguagua.atoom.space\/es\/wp-json\/wp\/v2\/pages\/763\/revisions\/907"}],"wp:attachment":[{"href":"https:\/\/laguagua.atoom.space\/es\/wp-json\/wp\/v2\/media?parent=763"}],"curies":[{"name":"wp","href":"https:\/\/api.w.org\/{rel}","templated":true}]}}