{"id":727,"date":"2025-10-15T23:32:02","date_gmt":"2025-10-15T21:32:02","guid":{"rendered":"https:\/\/laguagua.atoom.space\/le-restaurant\/"},"modified":"2025-12-16T13:32:23","modified_gmt":"2025-12-16T11:32:23","slug":"le-restaurant","status":"publish","type":"page","link":"https:\/\/laguagua.atoom.space\/fr\/le-restaurant\/","title":{"rendered":"Le Restaurant"},"content":{"rendered":"\t\t<div data-elementor-type=\"wp-page\" data-elementor-id=\"727\" class=\"elementor elementor-727 elementor-11\" data-elementor-post-type=\"page\">\n\t\t\t\t<div class=\"elementor-element elementor-element-7325c7b elementor-hidden-mobile e-flex e-con-boxed e-con e-parent\" data-id=\"7325c7b\" data-element_type=\"container\" data-settings=\"{&quot;background_background&quot;:&quot;slideshow&quot;,&quot;background_slideshow_gallery&quot;:[{&quot;id&quot;:719,&quot;url&quot;:&quot;https:\\\/\\\/laguagua.atoom.space\\\/wp-content\\\/uploads\\\/2025\\\/10\\\/8.jpg&quot;},{&quot;id&quot;:720,&quot;url&quot;:&quot;https:\\\/\\\/laguagua.atoom.space\\\/wp-content\\\/uploads\\\/2025\\\/10\\\/9.jpg&quot;},{&quot;id&quot;:721,&quot;url&quot;:&quot;https:\\\/\\\/laguagua.atoom.space\\\/wp-content\\\/uploads\\\/2025\\\/10\\\/6.jpg&quot;},{&quot;id&quot;:722,&quot;url&quot;:&quot;https:\\\/\\\/laguagua.atoom.space\\\/wp-content\\\/uploads\\\/2025\\\/10\\\/7.jpg&quot;}],&quot;background_slideshow_transition_duration&quot;:3000,&quot;background_slideshow_loop&quot;:&quot;yes&quot;,&quot;background_slideshow_slide_duration&quot;:5000,&quot;background_slideshow_slide_transition&quot;:&quot;fade&quot;}\">\n\t\t\t\t\t<div class=\"e-con-inner\">\n\t\t\t\t<div class=\"elementor-element elementor-element-75eff01 standard-content elementor-widget elementor-widget-n-accordion\" data-id=\"75eff01\" data-element_type=\"widget\" data-settings=\"{&quot;n_accordion_animation_duration&quot;:{&quot;unit&quot;:&quot;ms&quot;,&quot;size&quot;:150,&quot;sizes&quot;:[]},&quot;default_state&quot;:&quot;expanded&quot;,&quot;max_items_expended&quot;:&quot;one&quot;}\" data-widget_type=\"nested-accordion.default\">\n\t\t\t\t\t\t\t<div class=\"e-n-accordion\" aria-label=\"Accordion. Open links with Enter or Space, close with Escape, and navigate with Arrow Keys\">\n\t\t\t\t\t\t<details id=\"e-n-accordion-item-1230\" class=\"e-n-accordion-item\" open>\n\t\t\t\t<summary class=\"e-n-accordion-item-title\" data-accordion-index=\"1\" tabindex=\"0\" aria-expanded=\"true\" aria-controls=\"e-n-accordion-item-1230\" >\n\t\t\t\t\t<span class='e-n-accordion-item-title-header'><div class=\"e-n-accordion-item-title-text\"> C\u00e9st l\u2019histoire d\u2019une vie <\/div><\/span>\n\t\t\t\t\t\t\t<span class='e-n-accordion-item-title-icon'>\n\t\t\t<span class='e-opened' ><svg xmlns=\"http:\/\/www.w3.org\/2000\/svg\" id=\"Capa_1\" viewBox=\"0 0 32 32\"><defs><style>      .st0 {        fill: #eee6db;      }      .st1 {        fill: #0f3e6b;      }    <\/style><\/defs><circle class=\"st0\" cx=\"16\" cy=\"16\" r=\"16\"><\/circle><g><path class=\"st1\" d=\"M10.8,14.1c0,0,.2,0,.3,0,2.2.8,4,2.5,4.9,4.6.9-2.1,2.7-3.8,4.9-4.6.4-.1.8,0,1,.4.1.4,0,.8-.4,1-2.8,1-4.7,3.7-4.7,6.7h-1.5c0-3-1.9-5.7-4.7-6.7-.4-.1-.6-.6-.4-1,.1-.3.4-.5.7-.5Z\"><\/path><path class=\"st1\" d=\"M16,8.9c.4,0,.8.3.8.8v12.6c0,.4-.3.8-.8.8s-.8-.3-.8-.8v-12.6c0-.4.3-.8.8-.8Z\"><\/path><\/g><\/svg><\/span>\n\t\t\t<span class='e-closed'><svg xmlns=\"http:\/\/www.w3.org\/2000\/svg\" id=\"Capa_1\" viewBox=\"0 0 32 32\"><defs><style>      .st0 {        fill: #eee6db;      }      .st1 {        fill: #0f3e6b;      }    <\/style><\/defs><circle class=\"st0\" cx=\"16\" cy=\"16\" r=\"16\"><\/circle><g><path class=\"st1\" d=\"M21.2,17.9c0,0-.2,0-.3,0-2.2-.8-4-2.5-4.9-4.6-.9,2.1-2.7,3.8-4.9,4.6-.4.1-.8,0-1-.4-.1-.4,0-.8.4-1,2.8-1,4.7-3.7,4.7-6.7h1.5c0,3,1.9,5.7,4.7,6.7.4.1.6.6.4,1-.1.3-.4.5-.7.5Z\"><\/path><path class=\"st1\" d=\"M16,23.1c-.4,0-.8-.3-.8-.8v-12.6c0-.4.3-.8.8-.8s.8.3.8.8v12.6c0,.4-.3.8-.8.8Z\"><\/path><\/g><\/svg><\/span>\n\t\t<\/span>\n\n\t\t\t\t\t\t<\/summary>\n\t\t\t\t<div role=\"region\" aria-labelledby=\"e-n-accordion-item-1230\" class=\"elementor-element elementor-element-6fa136d e-con-full e-flex e-con e-child\" data-id=\"6fa136d\" data-element_type=\"container\" data-settings=\"{&quot;background_background&quot;:&quot;classic&quot;}\">\n\t\t\t\t<div class=\"elementor-element elementor-element-542aee9 elementor-widget elementor-widget-text-editor\" data-id=\"542aee9\" data-element_type=\"widget\" data-widget_type=\"text-editor.default\">\n\t\t\t\t\t\t\t\t\t<p>Dans les ann\u00e9es soixante, lorsqu\u2019il n\u2019\u00e9tait possible d\u2019acc\u00e9der \u00e1 cette plage que par la mer ou par un chemin de terre p\u00e9nible, Juan Vi\u00f1olas transportait des voyageurs de Rosas \u00e1 Almadraba dans un vieil autobus quid baptisa La Gua-Gua.<\/p><p>Quand vit la merveilleuse petite crique de couleur turquoise, II d\u00e9cida, avec son \u00e9pouse Pilar, d\u2019acheter les locaux ou se trouve aujourd\u2019hui le restaurant. Jour apr\u00e8s jour, depuis les premi\u00e8res conversations sous les parasols, faisant des sandwichs et vendant des boissons, Pilar a fait de La Gua-Gua un plaisir pour le visiteur gr\u00e2ce \u00e1 sa grande t\u00e9nacit\u00e9 et, surtout, son enthousiasme<\/p><p>Sa lutte constante pour la qualit\u00e9 des produits (depuis plus de vingt ans, elle se rend r\u00e9guli\u00e8rement aux halles pour y acheter personnellement le poisson) est devenue la maxime de la maison.<\/p><p>Cherchant toujours \u00e1 nous am\u00e9liorer et entour\u00e9s d\u2019une bonne \u00e9quipe de travail, nous vous accueillons \u2018La Gua-Gua\u2019 en vous remerciant de votre visite et en souhaitant que vous passerez des moments inoubliables. Bienvenue \u00e0 La Guagua.<\/p>\t\t\t\t\t\t\t\t<\/div>\n\t\t\t\t<\/div>\n\t\t\t\t\t<\/details>\n\t\t\t\t\t<\/div>\n\t\t\t\t\t\t<\/div>\n\t\t\t\t\t<\/div>\n\t\t\t\t<\/div>\n\t\t<div class=\"elementor-element elementor-element-c3c70a4 e-con-full elementor-hidden-desktop elementor-hidden-tablet e-flex e-con e-parent\" data-id=\"c3c70a4\" data-element_type=\"container\">\n\t\t<div class=\"elementor-element elementor-element-97026aa e-con-full e-flex e-con e-child\" data-id=\"97026aa\" data-element_type=\"container\" data-settings=\"{&quot;background_background&quot;:&quot;slideshow&quot;,&quot;background_slideshow_gallery&quot;:[{&quot;id&quot;:100,&quot;url&quot;:&quot;https:\\\/\\\/laguagua.atoom.space\\\/wp-content\\\/uploads\\\/2025\\\/10\\\/31-edited.jpg&quot;},{&quot;id&quot;:101,&quot;url&quot;:&quot;https:\\\/\\\/laguagua.atoom.space\\\/wp-content\\\/uploads\\\/2025\\\/10\\\/1-edited.jpg&quot;},{&quot;id&quot;:102,&quot;url&quot;:&quot;https:\\\/\\\/laguagua.atoom.space\\\/wp-content\\\/uploads\\\/2025\\\/10\\\/21.jpg&quot;}],&quot;background_slideshow_loop&quot;:&quot;yes&quot;,&quot;background_slideshow_slide_duration&quot;:5000,&quot;background_slideshow_slide_transition&quot;:&quot;fade&quot;,&quot;background_slideshow_transition_duration&quot;:500}\">\n\t\t\t\t<\/div>\n\t\t<div class=\"elementor-element elementor-element-fc6edb5 e-flex e-con-boxed e-con e-child\" data-id=\"fc6edb5\" data-element_type=\"container\" data-settings=\"{&quot;background_background&quot;:&quot;classic&quot;}\">\n\t\t\t\t\t<div class=\"e-con-inner\">\n\t\t\t\t<div class=\"elementor-element elementor-element-2242789 elementor-widget elementor-widget-heading\" data-id=\"2242789\" data-element_type=\"widget\" data-widget_type=\"heading.default\">\n\t\t\t\t\t<h2 class=\"elementor-heading-title elementor-size-default\">C\u00e9st l\u2019histoire d\u2019une vie<\/h2>\t\t\t\t<\/div>\n\t\t\t\t<div class=\"elementor-element elementor-element-0ea719a elementor-widget elementor-widget-text-editor\" data-id=\"0ea719a\" data-element_type=\"widget\" data-widget_type=\"text-editor.default\">\n\t\t\t\t\t\t\t\t\t<p>Dans les ann\u00e9es soixante, lorsqu\u2019il n\u2019\u00e9tait possible d\u2019acc\u00e9der \u00e1 cette plage que par la mer ou par un chemin de terre p\u00e9nible, Juan Vi\u00f1olas transportait des voyageurs de Rosas \u00e1 Almadraba dans un vieil autobus quid baptisa La Gua-Gua.<\/p><p>Quand vit la merveilleuse petite crique de couleur turquoise, II d\u00e9cida, avec son \u00e9pouse Pilar, d\u2019acheter les locaux ou se trouve aujourd\u2019hui le restaurant. Jour apr\u00e8s jour, depuis les premi\u00e8res conversations sous les parasols, faisant des sandwichs et vendant des boissons, Pilar a fait de La Gua-Gua un plaisir pour le visiteur gr\u00e2ce \u00e1 sa grande t\u00e9nacit\u00e9 et, surtout, son enthousiasme<\/p><p>Sa lutte constante pour la qualit\u00e9 des produits (depuis plus de vingt ans, elle se rend r\u00e9guli\u00e8rement aux halles pour y acheter personnellement le poisson) est devenue la maxime de la maison.<\/p><p>Cherchant toujours \u00e1 nous am\u00e9liorer et entour\u00e9s d\u2019une bonne \u00e9quipe de travail, nous vous accueillons \u2018La Gua-Gua\u2019 en vous remerciant de votre visite et en souhaitant que vous passerez des moments inoubliables. Bienvenue \u00e0 La Guagua.<\/p>\t\t\t\t\t\t\t\t<\/div>\n\t\t\t\t\t<\/div>\n\t\t\t\t<\/div>\n\t\t\t\t<\/div>\n\t\t\t\t<\/div>\n\t\t","protected":false},"excerpt":{"rendered":"<p>C\u00e9st l\u2019histoire d\u2019une vie Dans les ann\u00e9es soixante, lorsqu\u2019il n\u2019\u00e9tait possible d\u2019acc\u00e9der \u00e1 cette plage que par la mer ou par un chemin de terre p\u00e9nible, Juan Vi\u00f1olas transportait des voyageurs de Rosas \u00e1 Almadraba dans un vieil autobus quid baptisa La Gua-Gua. Quand vit la merveilleuse petite crique de couleur turquoise, II d\u00e9cida, avec [&hellip;]<\/p>\n","protected":false},"author":1,"featured_media":0,"parent":0,"menu_order":0,"comment_status":"closed","ping_status":"closed","template":"","meta":{"footnotes":""},"class_list":["post-727","page","type-page","status-publish","hentry"],"_links":{"self":[{"href":"https:\/\/laguagua.atoom.space\/fr\/wp-json\/wp\/v2\/pages\/727","targetHints":{"allow":["GET"]}}],"collection":[{"href":"https:\/\/laguagua.atoom.space\/fr\/wp-json\/wp\/v2\/pages"}],"about":[{"href":"https:\/\/laguagua.atoom.space\/fr\/wp-json\/wp\/v2\/types\/page"}],"author":[{"embeddable":true,"href":"https:\/\/laguagua.atoom.space\/fr\/wp-json\/wp\/v2\/users\/1"}],"replies":[{"embeddable":true,"href":"https:\/\/laguagua.atoom.space\/fr\/wp-json\/wp\/v2\/comments?post=727"}],"version-history":[{"count":9,"href":"https:\/\/laguagua.atoom.space\/fr\/wp-json\/wp\/v2\/pages\/727\/revisions"}],"predecessor-version":[{"id":938,"href":"https:\/\/laguagua.atoom.space\/fr\/wp-json\/wp\/v2\/pages\/727\/revisions\/938"}],"wp:attachment":[{"href":"https:\/\/laguagua.atoom.space\/fr\/wp-json\/wp\/v2\/media?parent=727"}],"curies":[{"name":"wp","href":"https:\/\/api.w.org\/{rel}","templated":true}]}}