{"id":755,"date":"2025-10-15T23:32:12","date_gmt":"2025-10-15T21:32:12","guid":{"rendered":"https:\/\/laguagua.atoom.space\/la-carte\/"},"modified":"2025-12-16T13:29:39","modified_gmt":"2025-12-16T11:29:39","slug":"la-carte","status":"publish","type":"page","link":"https:\/\/laguagua.atoom.space\/fr\/la-carte\/","title":{"rendered":"La Carte"},"content":{"rendered":"\t\t<div data-elementor-type=\"wp-page\" data-elementor-id=\"755\" class=\"elementor elementor-755 elementor-13\" data-elementor-post-type=\"page\">\n\t\t\t\t<div class=\"elementor-element elementor-element-a47e53a elementor-hidden-mobile e-flex e-con-boxed e-con e-parent\" data-id=\"a47e53a\" data-element_type=\"container\" data-settings=\"{&quot;background_background&quot;:&quot;slideshow&quot;,&quot;background_slideshow_gallery&quot;:[{&quot;id&quot;:739,&quot;url&quot;:&quot;https:\\\/\\\/laguagua.atoom.space\\\/wp-content\\\/uploads\\\/2025\\\/10\\\/2.jpg&quot;},{&quot;id&quot;:740,&quot;url&quot;:&quot;https:\\\/\\\/laguagua.atoom.space\\\/wp-content\\\/uploads\\\/2025\\\/10\\\/4.jpg&quot;}],&quot;background_slideshow_transition_duration&quot;:3000,&quot;background_slideshow_loop&quot;:&quot;yes&quot;,&quot;background_slideshow_slide_duration&quot;:5000,&quot;background_slideshow_slide_transition&quot;:&quot;fade&quot;}\">\n\t\t\t\t\t<div class=\"e-con-inner\">\n\t\t\t\t<div class=\"elementor-element elementor-element-dcfdb12 standard-content elementor-widget elementor-widget-n-accordion\" data-id=\"dcfdb12\" data-element_type=\"widget\" data-settings=\"{&quot;n_accordion_animation_duration&quot;:{&quot;unit&quot;:&quot;ms&quot;,&quot;size&quot;:150,&quot;sizes&quot;:[]},&quot;default_state&quot;:&quot;expanded&quot;,&quot;max_items_expended&quot;:&quot;one&quot;}\" data-widget_type=\"nested-accordion.default\">\n\t\t\t\t\t\t\t<div class=\"e-n-accordion\" aria-label=\"Accordion. Open links with Enter or Space, close with Escape, and navigate with Arrow Keys\">\n\t\t\t\t\t\t<details id=\"e-n-accordion-item-2310\" class=\"e-n-accordion-item\" open>\n\t\t\t\t<summary class=\"e-n-accordion-item-title\" data-accordion-index=\"1\" tabindex=\"0\" aria-expanded=\"true\" aria-controls=\"e-n-accordion-item-2310\" >\n\t\t\t\t\t<span class='e-n-accordion-item-title-header'><div class=\"e-n-accordion-item-title-text\"> Qualit\u00e9 des aliments <\/div><\/span>\n\t\t\t\t\t\t\t<span class='e-n-accordion-item-title-icon'>\n\t\t\t<span class='e-opened' ><svg xmlns=\"http:\/\/www.w3.org\/2000\/svg\" id=\"Capa_1\" viewBox=\"0 0 32 32\"><defs><style>      .st0 {        fill: #eee6db;      }      .st1 {        fill: #0f3e6b;      }    <\/style><\/defs><circle class=\"st0\" cx=\"16\" cy=\"16\" r=\"16\"><\/circle><g><path class=\"st1\" d=\"M10.8,14.1c0,0,.2,0,.3,0,2.2.8,4,2.5,4.9,4.6.9-2.1,2.7-3.8,4.9-4.6.4-.1.8,0,1,.4.1.4,0,.8-.4,1-2.8,1-4.7,3.7-4.7,6.7h-1.5c0-3-1.9-5.7-4.7-6.7-.4-.1-.6-.6-.4-1,.1-.3.4-.5.7-.5Z\"><\/path><path class=\"st1\" d=\"M16,8.9c.4,0,.8.3.8.8v12.6c0,.4-.3.8-.8.8s-.8-.3-.8-.8v-12.6c0-.4.3-.8.8-.8Z\"><\/path><\/g><\/svg><\/span>\n\t\t\t<span class='e-closed'><svg xmlns=\"http:\/\/www.w3.org\/2000\/svg\" id=\"Capa_1\" viewBox=\"0 0 32 32\"><defs><style>      .st0 {        fill: #eee6db;      }      .st1 {        fill: #0f3e6b;      }    <\/style><\/defs><circle class=\"st0\" cx=\"16\" cy=\"16\" r=\"16\"><\/circle><g><path class=\"st1\" d=\"M21.2,17.9c0,0-.2,0-.3,0-2.2-.8-4-2.5-4.9-4.6-.9,2.1-2.7,3.8-4.9,4.6-.4.1-.8,0-1-.4-.1-.4,0-.8.4-1,2.8-1,4.7-3.7,4.7-6.7h1.5c0,3,1.9,5.7,4.7,6.7.4.1.6.6.4,1-.1.3-.4.5-.7.5Z\"><\/path><path class=\"st1\" d=\"M16,23.1c-.4,0-.8-.3-.8-.8v-12.6c0-.4.3-.8.8-.8s.8.3.8.8v12.6c0,.4-.3.8-.8.8Z\"><\/path><\/g><\/svg><\/span>\n\t\t<\/span>\n\n\t\t\t\t\t\t<\/summary>\n\t\t\t\t<div role=\"region\" aria-labelledby=\"e-n-accordion-item-2310\" class=\"elementor-element elementor-element-cd24cf6 e-con-full e-flex e-con e-child\" data-id=\"cd24cf6\" data-element_type=\"container\" data-settings=\"{&quot;background_background&quot;:&quot;classic&quot;}\">\n\t\t\t\t<div class=\"elementor-element elementor-element-0adce83 elementor-widget elementor-widget-text-editor\" data-id=\"0adce83\" data-element_type=\"widget\" data-widget_type=\"text-editor.default\">\n\t\t\t\t\t\t\t\t\t<p>La Gua Gua est un arr\u00eat obligatoire pour ceux qui aiment vraiment la nature et la gastronomie.<\/p><p>En respectant au maximum l\u2019esprit de la plage de Canyelles Petites et en essayant de s\u2019int\u00e9grer dans la nature, en formant un tout avec l\u2019environnement, nous voulons vous offrir un produit de qualit\u00e9. Roses nous fournit sa meilleure mati\u00e8re premi\u00e8re ,le poisson, que nous servons de mani\u00e8re simple et naturelle dans le but de pouvoir trouver le go\u00fbt que vous attendez et avec en plus le privil\u00e8ge de le faire assis devant la mer.<\/p><p>Apr\u00e8s plus de cinquante ans et en suivant toujours l\u2019exemple de ma m\u00e8re Pilar, nous continuons \u00e0 lutter pour ne pas perdre ce qui est le plus important : la qualit\u00e9 du produit et l\u2019amour du travail bien fait.<\/p>\t\t\t\t\t\t\t\t<\/div>\n\t\t\t\t<div class=\"elementor-element elementor-element-4ce20fe elementor-align-center elementor-widget elementor-widget-button\" data-id=\"4ce20fe\" data-element_type=\"widget\" data-widget_type=\"button.default\">\n\t\t\t\t\t\t\t\t\t\t<a class=\"elementor-button elementor-button-link elementor-size-sm\" href=\"#\">\n\t\t\t\t\t\t<span class=\"elementor-button-content-wrapper\">\n\t\t\t\t\t\t<span class=\"elementor-button-icon\">\n\t\t\t\t<svg aria-hidden=\"true\" class=\"e-font-icon-svg e-fas-arrow-alt-circle-down\" viewBox=\"0 0 512 512\" xmlns=\"http:\/\/www.w3.org\/2000\/svg\"><path d=\"M504 256c0 137-111 248-248 248S8 393 8 256 119 8 256 8s248 111 248 248zM212 140v116h-70.9c-10.7 0-16.1 13-8.5 20.5l114.9 114.3c4.7 4.7 12.2 4.7 16.9 0l114.9-114.3c7.6-7.6 2.2-20.5-8.5-20.5H300V140c0-6.6-5.4-12-12-12h-64c-6.6 0-12 5.4-12 12z\"><\/path><\/svg>\t\t\t<\/span>\n\t\t\t\t\t\t\t\t\t<span class=\"elementor-button-text\">Descarrega la Carta<\/span>\n\t\t\t\t\t<\/span>\n\t\t\t\t\t<\/a>\n\t\t\t\t\t\t\t\t<\/div>\n\t\t\t\t<\/div>\n\t\t\t\t\t<\/details>\n\t\t\t\t\t<\/div>\n\t\t\t\t\t\t<\/div>\n\t\t\t\t\t<\/div>\n\t\t\t\t<\/div>\n\t\t<div class=\"elementor-element elementor-element-baf04ce e-con-full elementor-hidden-desktop elementor-hidden-tablet e-flex e-con e-parent\" data-id=\"baf04ce\" data-element_type=\"container\">\n\t\t<div class=\"elementor-element elementor-element-3d758f7 e-con-full e-flex e-con e-child\" data-id=\"3d758f7\" data-element_type=\"container\" data-settings=\"{&quot;background_background&quot;:&quot;slideshow&quot;,&quot;background_slideshow_gallery&quot;:[{&quot;id&quot;:102,&quot;url&quot;:&quot;https:\\\/\\\/laguagua.atoom.space\\\/wp-content\\\/uploads\\\/2025\\\/10\\\/21.jpg&quot;},{&quot;id&quot;:101,&quot;url&quot;:&quot;https:\\\/\\\/laguagua.atoom.space\\\/wp-content\\\/uploads\\\/2025\\\/10\\\/1-edited.jpg&quot;},{&quot;id&quot;:100,&quot;url&quot;:&quot;https:\\\/\\\/laguagua.atoom.space\\\/wp-content\\\/uploads\\\/2025\\\/10\\\/31-edited.jpg&quot;}],&quot;background_slideshow_loop&quot;:&quot;yes&quot;,&quot;background_slideshow_slide_duration&quot;:5000,&quot;background_slideshow_slide_transition&quot;:&quot;fade&quot;,&quot;background_slideshow_transition_duration&quot;:500}\">\n\t\t\t\t<\/div>\n\t\t<div class=\"elementor-element elementor-element-9323b02 e-flex e-con-boxed e-con e-child\" data-id=\"9323b02\" data-element_type=\"container\" data-settings=\"{&quot;background_background&quot;:&quot;classic&quot;}\">\n\t\t\t\t\t<div class=\"e-con-inner\">\n\t\t\t\t<div class=\"elementor-element elementor-element-2a1fc30 elementor-widget elementor-widget-heading\" data-id=\"2a1fc30\" data-element_type=\"widget\" data-widget_type=\"heading.default\">\n\t\t\t\t\t<h2 class=\"elementor-heading-title elementor-size-default\">T\u00e9l\u00e9charger la carte<\/h2>\t\t\t\t<\/div>\n\t\t<div class=\"elementor-element elementor-element-096276a e-con-full e-flex e-con e-child\" data-id=\"096276a\" data-element_type=\"container\">\n\t\t\t\t<div class=\"elementor-element elementor-element-69f221a elementor-widget elementor-widget-text-editor\" data-id=\"69f221a\" data-element_type=\"widget\" data-widget_type=\"text-editor.default\">\n\t\t\t\t\t\t\t\t\t<p>La Gua Gua est un arr\u00eat obligatoire pour ceux qui aiment vraiment la nature et la gastronomie.<\/p><p>En respectant au maximum l\u2019esprit de la plage de Canyelles Petites et en essayant de s\u2019int\u00e9grer dans la nature, en formant un tout avec l\u2019environnement, nous voulons vous offrir un produit de qualit\u00e9. Roses nous fournit sa meilleure mati\u00e8re premi\u00e8re ,le poisson, que nous servons de mani\u00e8re simple et naturelle dans le but de pouvoir trouver le go\u00fbt que vous attendez et avec en plus le privil\u00e8ge de le faire assis devant la mer.<\/p><p>Apr\u00e8s plus de cinquante ans et en suivant toujours l\u2019exemple de ma m\u00e8re Pilar, nous continuons \u00e0 lutter pour ne pas perdre ce qui est le plus important : la qualit\u00e9 du produit et l\u2019amour du travail bien fait.<\/p>\t\t\t\t\t\t\t\t<\/div>\n\t\t\t\t<div class=\"elementor-element elementor-element-9713806 elementor-align-justify elementor-widget elementor-widget-button\" data-id=\"9713806\" data-element_type=\"widget\" data-widget_type=\"button.default\">\n\t\t\t\t\t\t\t\t\t\t<a class=\"elementor-button elementor-button-link elementor-size-sm\" href=\"#\">\n\t\t\t\t\t\t<span class=\"elementor-button-content-wrapper\">\n\t\t\t\t\t\t<span class=\"elementor-button-icon\">\n\t\t\t\t<svg aria-hidden=\"true\" class=\"e-font-icon-svg e-fas-arrow-alt-circle-down\" viewBox=\"0 0 512 512\" xmlns=\"http:\/\/www.w3.org\/2000\/svg\"><path d=\"M504 256c0 137-111 248-248 248S8 393 8 256 119 8 256 8s248 111 248 248zM212 140v116h-70.9c-10.7 0-16.1 13-8.5 20.5l114.9 114.3c4.7 4.7 12.2 4.7 16.9 0l114.9-114.3c7.6-7.6 2.2-20.5-8.5-20.5H300V140c0-6.6-5.4-12-12-12h-64c-6.6 0-12 5.4-12 12z\"><\/path><\/svg>\t\t\t<\/span>\n\t\t\t\t\t\t\t\t\t<span class=\"elementor-button-text\">Descarrega la Carta<\/span>\n\t\t\t\t\t<\/span>\n\t\t\t\t\t<\/a>\n\t\t\t\t\t\t\t\t<\/div>\n\t\t\t\t<\/div>\n\t\t\t\t\t<\/div>\n\t\t\t\t<\/div>\n\t\t\t\t<\/div>\n\t\t\t\t<\/div>\n\t\t","protected":false},"excerpt":{"rendered":"<p>Qualit\u00e9 des aliments La Gua Gua est un arr\u00eat obligatoire pour ceux qui aiment vraiment la nature et la gastronomie. En respectant au maximum l\u2019esprit de la plage de Canyelles Petites et en essayant de s\u2019int\u00e9grer dans la nature, en formant un tout avec l\u2019environnement, nous voulons vous offrir un produit de qualit\u00e9. Roses nous [&hellip;]<\/p>\n","protected":false},"author":1,"featured_media":0,"parent":0,"menu_order":0,"comment_status":"closed","ping_status":"closed","template":"","meta":{"footnotes":""},"class_list":["post-755","page","type-page","status-publish","hentry"],"_links":{"self":[{"href":"https:\/\/laguagua.atoom.space\/fr\/wp-json\/wp\/v2\/pages\/755","targetHints":{"allow":["GET"]}}],"collection":[{"href":"https:\/\/laguagua.atoom.space\/fr\/wp-json\/wp\/v2\/pages"}],"about":[{"href":"https:\/\/laguagua.atoom.space\/fr\/wp-json\/wp\/v2\/types\/page"}],"author":[{"embeddable":true,"href":"https:\/\/laguagua.atoom.space\/fr\/wp-json\/wp\/v2\/users\/1"}],"replies":[{"embeddable":true,"href":"https:\/\/laguagua.atoom.space\/fr\/wp-json\/wp\/v2\/comments?post=755"}],"version-history":[{"count":4,"href":"https:\/\/laguagua.atoom.space\/fr\/wp-json\/wp\/v2\/pages\/755\/revisions"}],"predecessor-version":[{"id":926,"href":"https:\/\/laguagua.atoom.space\/fr\/wp-json\/wp\/v2\/pages\/755\/revisions\/926"}],"wp:attachment":[{"href":"https:\/\/laguagua.atoom.space\/fr\/wp-json\/wp\/v2\/media?parent=755"}],"curies":[{"name":"wp","href":"https:\/\/api.w.org\/{rel}","templated":true}]}}